{"id":704,"date":"2020-02-18T10:09:42","date_gmt":"2020-02-18T10:09:42","guid":{"rendered":"http:\/\/www.colorforcepro.com\/?page_id=704"},"modified":"2020-02-18T10:30:39","modified_gmt":"2020-02-18T10:30:39","slug":"politica-de-privacidad","status":"publish","type":"page","link":"https:\/\/www.colorforcepro.com\/index.php\/politica-de-privacidad\/","title":{"rendered":"Pol\u00edtica de privacidad"},"content":{"rendered":"<p>[vc_row css_animation=\u00bb\u00bb row_type=\u00bbrow\u00bb use_row_as_full_screen_section=\u00bbno\u00bb type=\u00bbfull_width\u00bb angled_section=\u00bbno\u00bb text_align=\u00bbleft\u00bb background_image_as_pattern=\u00bbwithout_pattern\u00bb][vc_column css=\u00bb.vc_custom_1582020749831{margin-top: 50px !important;margin-bottom: 150px !important;padding-right: 50px !important;padding-left: 50px !important;}\u00bb][vc_column_text]<\/p>\n<p align=\"justify\"><strong>POL\u00cdTICA DE PRIVACIDAD<\/strong><\/p>\n<hr \/>\n<p align=\"justify\"><strong>Informaci\u00f3n al usuario<\/strong><\/p>\n<p align=\"justify\"><strong>Responsable del tratamiento<\/strong><\/p>\n<p align=\"justify\">Identidad. PALMO SUMINISTRO INTEGRAL, S.L. &#8211; B85059111<br \/>\nDirecci\u00f3n. P.I. MONTE BOYAL &#8211; AVDA. MONTE BOYAL, 159 &#8211; CASARRUBIOS DEL MONTE 45950 (TOLEDO)<br \/>\nTel\u00e9fono. 914855528<br \/>\nCorreo electr\u00f3nico.\u00a0<strong><a href=\"mailto:info@palmo.es\">info@palmo.es<\/a><\/strong><\/p>\n<p>&nbsp;<\/p>\n<p align=\"justify\"><strong>Finalidad del tratamiento<\/strong><\/p>\n<p align=\"justify\"><strong>PALMO SUMINISTRO INTEGRAL, S.L.<\/strong> trata la informaci\u00f3n que nos facilitan las personas interesadas con el fin de mantener una relaci\u00f3n comercial con el Usuario. Las operaciones previstas para realizar el tratamiento son:<\/p>\n<p>&#8211; Remisi\u00f3n de comunicaciones comerciales publicitarias por email, fax, SMS, MMS, comunidades sociales o cualquier otro medio electr\u00f3nico o f\u00edsico, presente o futuro, que posibilite realizar comunicaciones comerciales. Estas comunicaciones ser\u00e1n realizadas por el RESPONSABLE y relacionadas sobre sus productos y servicios, o de sus colaboradores o proveedores con los que \u00e9ste haya alcanzado alg\u00fan acuerdo de promoci\u00f3n. En este caso, los terceros nunca tendr\u00e1n acceso a los datos personales.<br \/>\n&#8211; Realizar estudios estad\u00edsticos.<br \/>\n&#8211; Tramitar encargos, solicitudes o cualquier tipo de petici\u00f3n que sea realizada por el usuario a trav\u00e9s de cualquiera de las formas de contacto que se ponen a su disposici\u00f3n.<br \/>\n&#8211; Remitir el bolet\u00edn de noticias de la p\u00e1gina web. (modificar seg\u00fan los fines de uso previstos de los datos que, adem\u00e1s, deben aparecer en el formulario para poder ser aceptados o no por el usuario).<\/p>\n<p align=\"justify\">Criterios de conservaci\u00f3n de los datos<\/p>\n<p align=\"justify\"><strong>PALMO SUMINISTRO INTEGRAL, S.L.<\/strong> conservar\u00e1 sus datos durante un a\u00f1o en cumplimiento de lo previsto en el art. 5 de la Ley 25\/2007, de 18 de octubre, de conservaci\u00f3n de datos relativos a las comunicaciones electr\u00f3nicas y a las redes p\u00fablicas de comunicaciones.<\/p>\n<p>&nbsp;<\/p>\n<p align=\"justify\"><strong>Legitimaci\u00f3n para el tratamiento de sus datos.<\/strong><\/p>\n<p align=\"justify\">El tratamiento de sus datos por parte de PALMO SUMINISTRO INTEGRAL, S.L. tendr\u00e1 su legitimaci\u00f3n en el consentimiento expl\u00edcito prestado por usted.<\/p>\n<p>&nbsp;<\/p>\n<p align=\"justify\"><strong>Comunicaci\u00f3n de los datos.<\/strong><\/p>\n<p align=\"justify\">Su datos \u00fanicamente podr\u00e1n ser cedidos a las Fuerzas y Cuerpos de Seguridad y\/o otras Administraciones P\u00fablicas con competencias en la materia en cumplimiento de las obligaciones previstas en la Ley 25\/2007, de 18 de octubre, de conservaci\u00f3n de datos relativos a las comunicaciones electr\u00f3nicas y a las redes p\u00fablicas de comunicaciones.<\/p>\n<p>&nbsp;<\/p>\n<p align=\"justify\"><strong>Derechos que asisten como Usuario:<\/strong><\/p>\n<p align=\"justify\">Cualquier persona tiene derecho a obtener informaci\u00f3n sobre si PALMO SUMINISTRO INTEGRAL, S.L. est\u00e1 tratando datos personales que le conciernen o no y, en tal caso, a ejercer su derecho de acceso a los datos personales y a la siguiente informaci\u00f3n:<\/p>\n<p>&#8211; Los fines del tratamiento.<br \/>\n&#8211; Las categor\u00edas de datos personales de que se trate.<br \/>\n&#8211; Los destinatarios o las categor\u00edas de destinatarios a los que se comunicaron o ser\u00e1n comunicados los datos personales, en particular destinatarios en terceros u organizaciones internacionales.<br \/>\n&#8211; De ser posible, el plazo previsto de conservaci\u00f3n de los datos personales o, de no ser posible, los criterios utilizados para determinar este plazo.<br \/>\n&#8211; La existencia del derecho a solicitar del responsable la rectificaci\u00f3n o supresi\u00f3n de datos personales o la limitaci\u00f3n del tratamiento de datos personales relativos al interesado, o a oponerse a dicho tratamiento.<br \/>\n&#8211; El derecho a presentar una reclamaci\u00f3n ante una autoridad de control.<\/p>\n<p align=\"justify\">Asimismo, usted tiene derecho a solicitar la rectificaci\u00f3n de los datos inexactos o, en su caso, a solicitar la supresi\u00f3n de los mismos cuando, entre otros motivos, los datos ya no sean necesarios para los fines que fueron recogidos o cuando usted decida retirar el consentimiento en que se hubiera basado el tratamiento hasta la fecha.<\/p>\n<p align=\"justify\">Las personas interesadas podr\u00e1n adem\u00e1s solicitar la limitaci\u00f3n del tratamiento de los datos de los interesados, en cuyo caso \u00fanicamente ser\u00e1n conservados por PALMO SUMINISTRO INTEGRAL, S.L. para el ejercicio o la defensa de reclamaciones.<\/p>\n<p align=\"justify\">PALMO SUMINISTRO INTEGRAL, S.L. dejar\u00e1 de tratar sus datos siempre que usted lleve a cabo la oposici\u00f3n a dicho tratamiento, salvo por motivos leg\u00edtimos imperiosos, o por el ejercicio o la defensa de posibles reclamaciones.<\/p>\n<p align=\"justify\">Finalmente, y en ejercicio de su derecho a la portabilidad de los datos, usted podr\u00e1 recibir los datos personales que hubiera proporcionado a PALMO SUMINISTRO INTEGRAL, S.L., en un formato estructurado, de uso com\u00fan y legible por m\u00e1quina, as\u00ed como a solicitar que se transmitan a otra entidad responsable del tratamiento.<\/p>\n<p>&nbsp;<\/p>\n<p align=\"justify\"><strong>Medios para ejercer sus derechos:<\/strong><\/p>\n<p align=\"justify\">Usted podr\u00e1 ejercer materialmente los derechos descritos en el apartado anterior solicitando el correspondiente formulario a la direcci\u00f3n del responsable:\u00a0<strong><a href=\"mailto:info@palmo.es\">info@palmo.es<\/a><\/strong>. Adicionalmente, le informamos que usted podr\u00e1 solicitar informaci\u00f3n en todo momento acerca del ejercicio de los derechos que le incumben ante la Agencia Espa\u00f1ola de Protecci\u00f3n de Datos.<\/p>\n<p align=\"justify\">En caso de que el ejercicio de sus derechos no hubiera sido atendido o satisfecho correctamente, le informamos de que usted podr\u00e1 presentar la correspondiente reclamaci\u00f3n ante la Agencia Espa\u00f1ola de Protecci\u00f3n de Datos, ubicada en la Calle de Jorge Juan, 6, 28001, Madrid, tel\u00e9fono 912663517<\/p>\n<p>&nbsp;<\/p>\n<p align=\"justify\"><strong>CAR\u00c1CTER OBLIGATORIO O FACULTATIVO DE LA INFORMACI\u00d3N FACILITADA POR EL USUARIO<\/strong><\/p>\n<p align=\"justify\">Los Usuarios, mediante la marcaci\u00f3n de las casillas correspondientes y entrada de datos en los campos, marcados con un asterisco (*) en el formulario de contacto o presentados en formularios de descarga, aceptan expresamente y de forma libre e inequ\u00edvoca, que sus datos son necesarios para atender su petici\u00f3n, por parte del prestador, siendo voluntaria la inclusi\u00f3n de datos en los campos restantes. El Usuario garantiza que los datos personales facilitados al RESPONSABLE son veraces y se hace responsable de comunicar cualquier modificaci\u00f3n de los mismos. El RESPONSABLE informa y garantiza expresamente a los usuarios que sus datos personales no ser\u00e1n cedidos en ning\u00fan caso a terceros, y que siempre que realizara alg\u00fan tipo de cesi\u00f3n de datos personales, se pedir\u00e1 previamente el consentimiento expreso, informado e inequ\u00edvoco por parte los Usuarios. Todos los datos solicitados a trav\u00e9s del sitio web son obligatorios, ya que son necesarios para la prestaci\u00f3n de un servicio \u00f3ptimo al Usuario. En caso de que no sean facilitados todos los datos, no se garantiza que la informaci\u00f3n y servicios facilitados sean completamente ajustados a sus necesidades.<\/p>\n<p>&nbsp;<\/p>\n<p align=\"justify\"><strong>MEDIDAS DE SEGURIDAD<\/strong><\/p>\n<p align=\"justify\">Que de conformidad con lo dispuesto en las normativas vigentes en protecci\u00f3n de datos personales, el RESPONSABLE est\u00e1 cumpliendo con todas las disposiciones de las normativas GDPR y LOPD para el tratamiento de los datos personales de su responsabilidad, y manifiestamente con los principios descritos en el art\u00edculo 5 del GDPR y en el art\u00edculo 4 de la LOPD, por los cuales son tratados de manera l\u00edcita, leal y transparente en relaci\u00f3n con el interesado y adecuados, pertinentes y limitados a lo necesario en relaci\u00f3n con los fines para los que son tratados. El RESPONSABLE garantiza que ha implementado pol\u00edticas t\u00e9cnicas y organizativas apropiadas para aplicar las medidas de seguridad que establecen el GDPR y la LOPD con el fin de proteger los derechos y libertades de los Usuarios y les ha comunicado la informaci\u00f3n adecuada para que puedan ejercerlos.<\/p>\n<p>[\/vc_column_text][\/vc_column][\/vc_row]<\/p>\n","protected":false},"excerpt":{"rendered":"<p>[vc_row css_animation=\u00bb\u00bb row_type=\u00bbrow\u00bb use_row_as_full_screen_section=\u00bbno\u00bb type=\u00bbfull_width\u00bb angled_section=\u00bbno\u00bb text_align=\u00bbleft\u00bb background_image_as_pattern=\u00bbwithout_pattern\u00bb][vc_column css=\u00bb.vc_custom_1582020749831{margin-top: 50px !important;margin-bottom: 150px !important;padding-right: 50px !important;padding-left: 50px !important;}\u00bb][vc_column_text] POL\u00cdTICA DE PRIVACIDAD Informaci\u00f3n al usuario Responsable del tratamiento Identidad. PALMO SUMINISTRO INTEGRAL, S.L. &#8211; B85059111 Direcci\u00f3n. P.I. MONTE BOYAL &#8211; AVDA. MONTE BOYAL, 159 &#8211; CASARRUBIOS DEL&#8230;<\/p>\n","protected":false},"author":1,"featured_media":0,"parent":0,"menu_order":0,"comment_status":"closed","ping_status":"closed","template":"","meta":{"inline_featured_image":false,"footnotes":""},"class_list":["post-704","page","type-page","status-publish","hentry"],"_links":{"self":[{"href":"https:\/\/www.colorforcepro.com\/index.php\/wp-json\/wp\/v2\/pages\/704","targetHints":{"allow":["GET"]}}],"collection":[{"href":"https:\/\/www.colorforcepro.com\/index.php\/wp-json\/wp\/v2\/pages"}],"about":[{"href":"https:\/\/www.colorforcepro.com\/index.php\/wp-json\/wp\/v2\/types\/page"}],"author":[{"embeddable":true,"href":"https:\/\/www.colorforcepro.com\/index.php\/wp-json\/wp\/v2\/users\/1"}],"replies":[{"embeddable":true,"href":"https:\/\/www.colorforcepro.com\/index.php\/wp-json\/wp\/v2\/comments?post=704"}],"version-history":[{"count":6,"href":"https:\/\/www.colorforcepro.com\/index.php\/wp-json\/wp\/v2\/pages\/704\/revisions"}],"predecessor-version":[{"id":711,"href":"https:\/\/www.colorforcepro.com\/index.php\/wp-json\/wp\/v2\/pages\/704\/revisions\/711"}],"wp:attachment":[{"href":"https:\/\/www.colorforcepro.com\/index.php\/wp-json\/wp\/v2\/media?parent=704"}],"curies":[{"name":"wp","href":"https:\/\/api.w.org\/{rel}","templated":true}]}}